{"id":1641,"date":"2014-07-25T12:10:26","date_gmt":"2014-07-25T12:10:26","guid":{"rendered":"http:\/\/unopa.ro\/en\/auto-draft-13\/"},"modified":"2018-11-27T16:00:31","modified_gmt":"2018-11-27T14:00:31","slug":"auto-draft-13","status":"publish","type":"page","link":"https:\/\/unopa.ro\/en\/auto-draft-13\/","title":{"rendered":"Link-uri utile"},"content":{"rendered":"<p><span style=\"color: #545454;\">Va recomandam site-urile de mai jos pentru informatiile de calitate despre tratament, despre noutatile legislative, despre campaniile de informare, prevenire sau anti-discriminare pe criteriul HIV\/SIDA, pentru serviciile oferite, sau pentru ca sunt misto!\u00a0<\/span><br style=\"color: #545454;\" \/><br style=\"color: #545454;\" \/><a style=\"color: #ae1e16;\" href=\"http:\/\/www.arasnet.ro\/\" target=\"_blank\">http:\/\/www.arasnet.ro\/<\/a><span style=\"color: #545454;\">\u00a0 ARAS este o organizatie nationala, ne-guvernamentala, apolitica si umanitara al carei scop este stoparea epidemiei SIDA.\u00a0<\/span><br style=\"color: #545454;\" \/><br style=\"color: #545454;\" \/><a style=\"color: #ae1e16;\" href=\"http:\/\/www.raa.ro\/\" target=\"_blank\">http:\/\/www.raa.ro\/<\/a><span style=\"color: #545454;\">\u00a0 Fundatia Romanian Angel Appeal actioneaza pentru \u00eembunatatirea asistentei medicale, sociale si psihologice a persoanelor aflate \u00een dificultate, \u00een special a copiilor si tinerilor afectati de HIV\/SIDA.\u00a0<\/span><br style=\"color: #545454;\" \/><br style=\"color: #545454;\" \/><a style=\"color: #ae1e16;\" href=\"http:\/\/www.accept-romania.ro\/\" target=\"_blank\">http:\/\/www.accept-romania.ro\/<\/a><span style=\"color: #545454;\">\u00a0 Asociatia ACCEPT este prima organizatie ne-guvernamentala de drepturile omului din Rom\u00e2nia care apara si promoveaza drepturile LGBT (lesbiene, gay, bisexuali, transgender) la nivel national.\u00a0<\/span><br style=\"color: #545454;\" \/><br style=\"color: #545454;\" \/><a style=\"color: #ae1e16;\" href=\"http:\/\/www.sexdex.ro\/\" target=\"_blank\">http:\/\/www.sexdex.ro\/<\/a><span style=\"color: #545454;\">\u00a0 un proiect al Societatii de Educatie Contraceptiva si Sexuala\u00a0<\/span><br style=\"color: #545454;\" \/><br style=\"color: #545454;\" \/><a style=\"color: #ae1e16;\" href=\"http:\/\/www.y4y.ro\/\" target=\"_blank\">http:\/\/www.y4y.ro\/<\/a><span style=\"color: #545454;\">\u00a0 Tineri pentru Tineri (TNT) este o organizatie neguvernamentala, nationala, bazata pe voluntariat\u00a0<\/span><br style=\"color: #545454;\" \/><br style=\"color: #545454;\" \/><a style=\"color: #ae1e16;\" href=\"http:\/\/www.unicef.org\/\" target=\"_blank\">http:\/\/www.unicef.org\/<\/a><span style=\"color: #545454;\">\u00a0 site-ul UNICEF\u00a0<\/span><br style=\"color: #545454;\" \/><br style=\"color: #545454;\" \/><a style=\"color: #ae1e16;\" href=\"http:\/\/www.crucearosie.ro\/\" target=\"_blank\">http:\/\/www.crucearosie.ro\/<\/a><span style=\"color: #545454;\">\u00a0 site-ul Crucii rosii\u00a0<\/span><br style=\"color: #545454;\" \/><br style=\"color: #545454;\" \/><a style=\"color: #ae1e16;\" href=\"http:\/\/www.rhrn.ro\/\" target=\"_blank\">http:\/\/www.rhrn.ro\/<\/a><span style=\"color: #545454;\">\u00a0 site-ul Romanian Harm Reduction Network\u00a0<\/span><br style=\"color: #545454;\" \/><br style=\"color: #545454;\" \/><a style=\"color: #ae1e16;\" href=\"http:\/\/www.antidiscriminare.ro\/\" target=\"_blank\">http:\/\/www.antidiscriminare.ro\/<\/a><span style=\"color: #545454;\">\u00a0 site dedicat combaterii discriminarii\u00a0<\/span><br style=\"color: #545454;\" \/><br style=\"color: #545454;\" \/><a style=\"color: #ae1e16;\" href=\"http:\/\/www.salvaticopiii.ro\/\" target=\"_blank\">http:\/\/www.salvaticopiii.ro\/<\/a><span style=\"color: #545454;\">\u00a0 site-ul organizatiei Salvati copiii\u00a0<\/span><br style=\"color: #545454;\" \/><br style=\"color: #545454;\" \/><a style=\"color: #ae1e16;\" href=\"http:\/\/www.ms.ro\/\" target=\"_blank\">http:\/\/www.ms.ro\/<\/a><span style=\"color: #545454;\">\u00a0 site-ul Ministerului Sanatatii\u00a0<\/span><br style=\"color: #545454;\" \/><br style=\"color: #545454;\" \/><a style=\"color: #ae1e16;\" href=\"http:\/\/www.cncd.org.ro\/\" target=\"_blank\">http:\/\/www.cncd.org.ro\/<\/a><span style=\"color: #545454;\">\u00a0 site-ul Consiliului National pentru Combaterea Discriminarii\u00a0<\/span><br style=\"color: #545454;\" \/><br style=\"color: #545454;\" \/><a style=\"color: #ae1e16;\" href=\"http:\/\/www.alaturidevoi.ro\/\" target=\"_blank\">http:\/\/www.alaturidevoi.ro\/<\/a><span style=\"color: #545454;\">\u00a0 site-ul fundatiei Alaturi de voi\u00a0<\/span><br style=\"color: #545454;\" \/><br style=\"color: #545454;\" \/><span style=\"color: #545454;\">\u00a0<\/span><a style=\"color: #ae1e16;\" href=\"http:\/\/www.apdr.ro\/\" target=\"_blank\">http:\/\/www.apdr.ro\/<\/a><span style=\"color: #545454;\">\u00a0site-ul Asociatiei Parteneri in Dezvoltare &#8211; Romania\u00a0<\/span><br style=\"color: #545454;\" \/><br style=\"color: #545454;\" \/><a style=\"color: #ae1e16;\" href=\"http:\/\/www.positivelypositive.ca\/\" target=\"_blank\">http:\/\/www.positivelypositive.ca\/<\/a><span style=\"color: #545454;\">\u00a0 site-ul unui supravietuitor, cu informatii, sfaturi si materiale interesante\u00a0<\/span><br style=\"color: #545454;\" \/><br style=\"color: #545454;\" \/><a style=\"color: #ae1e16;\" href=\"http:\/\/www.soros.org\/\" target=\"_blank\">http:\/\/www.soros.org\/<\/a><span style=\"color: #545454;\">\u00a0 site-ul fundatiei Soros\u00a0<\/span><br style=\"color: #545454;\" \/><br style=\"color: #545454;\" \/><a style=\"color: #ae1e16;\" href=\"http:\/\/www.icad-cisd.com\/\" target=\"_blank\">http:\/\/www.icad-cisd.com\/<\/a><span style=\"color: #545454;\">\u00a0 site-ul coalitiei canadiene pentru dezvoltare si SIDA\u00a0<\/span><br style=\"color: #545454;\" \/><br style=\"color: #545454;\" \/><a style=\"color: #ae1e16;\" href=\"http:\/\/www.comminit.com\/\" target=\"_blank\">http:\/\/www.comminit.com\/<\/a><span style=\"color: #545454;\">\u00a0<\/span><br style=\"color: #545454;\" \/><br style=\"color: #545454;\" \/><a style=\"color: #ae1e16;\" href=\"http:\/\/www.icaso.org\/\" target=\"_blank\">http:\/\/www.icaso.org\/<\/a><span style=\"color: #545454;\">\u00a0<\/span><br style=\"color: #545454;\" \/><br style=\"color: #545454;\" \/><a style=\"color: #ae1e16;\" href=\"http:\/\/www.hsph.harvard.edu\/Organizations\/healthnet\" target=\"_blank\">www.hsph.harvard.edu\/Organizations\/healthnet<\/a><span style=\"color: #545454;\">\u00a0<\/span><br style=\"color: #545454;\" \/><br style=\"color: #545454;\" \/><a style=\"color: #ae1e16;\" href=\"http:\/\/www.iavi.org\/\" target=\"_blank\">http:\/\/www.iavi.org\/<\/a><span style=\"color: #545454;\">\u00a0<\/span><br style=\"color: #545454;\" \/><br style=\"color: #545454;\" \/><a style=\"color: #ae1e16;\" href=\"http:\/\/www.icrw.org\/\" target=\"_blank\">http:\/\/www.icrw.org\/<\/a><span style=\"color: #545454;\">\u00a0<\/span><br style=\"color: #545454;\" \/><br style=\"color: #545454;\" \/><a style=\"color: #ae1e16;\" href=\"http:\/\/www.accessmed-msf.org\/\" target=\"_blank\">http:\/\/www.accessmed-msf.org\/<\/a><span style=\"color: #545454;\">\u00a0<\/span><br style=\"color: #545454;\" \/><br style=\"color: #545454;\" \/><a style=\"color: #ae1e16;\" href=\"http:\/\/www.popcouncil.org\/horizons\/horizons.html\" target=\"_blank\">www.popcouncil.org\/horizons\/horizons.html<\/a><span style=\"color: #545454;\">\u00a0<\/span><br style=\"color: #545454;\" \/><br style=\"color: #545454;\" \/><a style=\"color: #ae1e16;\" href=\"http:\/\/www.undp.org\/hiv\" target=\"_blank\">www.undp.org\/hiv<\/a><span style=\"color: #545454;\">\u00a0<\/span><br style=\"color: #545454;\" \/><br style=\"color: #545454;\" \/><a style=\"color: #ae1e16;\" href=\"http:\/\/www.aidslaw.ca\/\" target=\"_blank\">http:\/\/www.aidslaw.ca\/<\/a><span style=\"color: #545454;\">\u00a0<\/span><br style=\"color: #545454;\" \/><br style=\"color: #545454;\" \/><a style=\"color: #ae1e16;\" href=\"http:\/\/www.census.gov\/ftp\/pub\/ipc\/www\/hivaidsn.html\" target=\"_blank\">www.census.gov\/ftp\/pub\/ipc\/www\/hivaidsn.html<\/a><span style=\"color: #545454;\">\u00a0<\/span><br style=\"color: #545454;\" \/><br style=\"color: #545454;\" \/><a style=\"color: #ae1e16;\" href=\"http:\/\/www.avert.org\/statindx.htm\" target=\"_blank\">www.avert.org\/statindx.htm<\/a><\/p>\n","protected":false},"excerpt":{"rendered":"<p>Va recomandam site-urile de mai jos pentru informatiile de calitate despre tratament, despre noutatile legislative, despre campaniile de informare, prevenire sau anti-discriminare pe criteriul HIV\/SIDA, pentru serviciile oferite, sau pentru ca sunt misto!\u00a0http:\/\/www.arasnet.ro\/\u00a0 ARAS este o organizatie nationala, ne-guvernamentala, apolitica si umanitara al carei scop este stoparea epidemiei SIDA.\u00a0http:\/\/www.raa.ro\/\u00a0 Fundatia Romanian Angel Appeal actioneaza pentru [&hellip;]<\/p>\n","protected":false},"author":1,"featured_media":0,"parent":0,"menu_order":0,"comment_status":"open","ping_status":"open","template":"","meta":{"_monsterinsights_skip_tracking":false,"_monsterinsights_sitenote_active":false,"_monsterinsights_sitenote_note":"","_monsterinsights_sitenote_category":0,"footnotes":""},"class_list":["post-1641","page","type-page","status-publish","hentry"],"aioseo_notices":[],"jetpack_sharing_enabled":true,"_links":{"self":[{"href":"https:\/\/unopa.ro\/en\/wp-json\/wp\/v2\/pages\/1641","targetHints":{"allow":["GET"]}}],"collection":[{"href":"https:\/\/unopa.ro\/en\/wp-json\/wp\/v2\/pages"}],"about":[{"href":"https:\/\/unopa.ro\/en\/wp-json\/wp\/v2\/types\/page"}],"author":[{"embeddable":true,"href":"https:\/\/unopa.ro\/en\/wp-json\/wp\/v2\/users\/1"}],"replies":[{"embeddable":true,"href":"https:\/\/unopa.ro\/en\/wp-json\/wp\/v2\/comments?post=1641"}],"version-history":[{"count":1,"href":"https:\/\/unopa.ro\/en\/wp-json\/wp\/v2\/pages\/1641\/revisions"}],"predecessor-version":[{"id":2541,"href":"https:\/\/unopa.ro\/en\/wp-json\/wp\/v2\/pages\/1641\/revisions\/2541"}],"wp:attachment":[{"href":"https:\/\/unopa.ro\/en\/wp-json\/wp\/v2\/media?parent=1641"}],"curies":[{"name":"wp","href":"https:\/\/api.w.org\/{rel}","templated":true}]}}