{"id":1639,"date":"2014-07-23T10:39:25","date_gmt":"2014-07-23T10:39:25","guid":{"rendered":"http:\/\/unopa.ro\/en\/informatii-hivsida\/"},"modified":"2019-10-09T09:56:37","modified_gmt":"2019-10-09T07:56:37","slug":"informatii-hivsida","status":"publish","type":"page","link":"https:\/\/unopa.ro\/en\/auto-draft-16\/informatii-hivsida\/","title":{"rendered":"Informa\u021bii despre HIV\/SIDA"},"content":{"rendered":"<p style=\"text-align: justify;\">Acest text informativ urm\u0103re\u015fte s\u0103 l\u0103mureasc\u0103 cele mai comune temeri \u015fi nel\u0103muriri despre HIV\/SIDA.<\/p>\n<p style=\"text-align: justify;\"><strong>Pot s\u0103 transmit\u0103 \u0163\u00e2n\u0163arii HIV de la o persoan\u0103 la alta?<\/strong><\/p>\n<p style=\"text-align: justify;\">Nu. HIV nu poate supravie\u0163ui \u00een afara organismului uman. T\u00e2n\u0163arii nu injecteaz\u0103 s\u00e2nge ci ei sug s\u00e2nge.<\/p>\n<p style=\"text-align: justify;\"><strong>Se poate transmite HIV prin intermediul lamelor de b\u0103rbierit \u015fi al altor ustensile ascu\u0163ite?<\/strong><\/p>\n<p style=\"text-align: justify;\">Exist\u0103 un risc foarte sc\u0103zut &#8211; \u00een situa\u0163ii \u00een care o lam\u0103 este folosit\u0103 foarte repede pentru a face incizii sau t\u0103ieturi pe mai mul\u0163i oameni unul dup\u0103 cel\u0103lalt, f\u0103r\u0103 a o sp\u0103la, exist\u0103 risc. Este mai igienic\/indicat s\u0103 steriliz\u0103m instrumentele ascu\u0163ite prin fierbere, sau s\u0103 folosim o lam\u0103 nou\u0103 sau un aparat de b\u0103rbierit nou. C\u00e2t despre utilizarea aparatelor de ras pentru a rade sau t\u0103ia p\u0103rul &#8211; dac\u0103 un aparat de b\u0103rbierit este acoperit de s\u00e2nge, probabil c\u0103 nu \u00eel ve\u0163i folosi sau m\u0103car \u00eel ve\u0163i sp\u0103la bine.<\/p>\n<p style=\"text-align: justify;\"><strong>Pot contracta HIV ating\u00e2nd pe cineva care are o ran\u0103 sau o infec\u0163ie deschis\u0103? <\/strong><\/p>\n<p style=\"text-align: justify;\">Nu. Doar dac\u0103 cineva este plin de s\u00e2nge \u015fi dumneavoastr\u0103 sunte\u0163i r\u0103nit serios \u015fi ave\u0163i r\u0103ni deschise, exist\u0103 risc. Pielea v\u0103 protejeaz\u0103 \u00eempotriva infec\u0163iilor. Dac\u0103 s\u00e2ngera\u0163i, s\u00e2ngele curge \u00een afar\u0103, nu curge nimic \u00een\u0103untru, \u00een fluxul sanguin! Pentru o bun\u0103 igien\u0103 este indicat ca, \u00een cazul \u00een care \u00eengriji\u0163i o persoan\u0103 seropozitiv\u0103 HIV \u015fi acea persoan\u0103 s\u00e2ngereaz\u0103, s\u0103 folosi\u0163i m\u0103nu\u015fi chirurgicale \u015fi s\u0103 v\u0103 sp\u0103la\u0163i bine pe m\u00e2ini \u00eenainte \u015fi dup\u0103.<\/p>\n<p style=\"text-align: justify;\"><strong>C\u00e2t de mult po\u0163i tr\u0103i cu HIV? <\/strong><\/p>\n<p style=\"text-align: justify;\">Acest lucru este influen\u0163at de multe aspecte. Dac\u0103 ave\u0163i o stare bun\u0103 a s\u0103n\u0103t\u0103\u0163ii, m\u00e2nca\u0163i bine \u015fi ave\u0163i sprijinul familiei \u015fi al prietenilor, pute\u0163i tr\u0103i mul\u0163i ani f\u0103r\u0103 probleme. Dac\u0103 ave\u0163i acces la tratament anti-retroviral \u015fi v\u0103 lua\u0163i medicamentele constant, pute\u0163i tr\u0103i \u015fi mai mul\u0163i ani. \u0162ine\u0163i cont de faptul c\u0103 HIV \u015fi SIDA sunt lucruri diferite. Cu HIV pute\u0163i avea o stare bun\u0103 a s\u0103n\u0103t\u0103\u0163ii, dar ave\u0163i virusul \u00een organism. Stadiul SIDA \u00eenseamn\u0103 c\u0103 sistemul dumneavoastr\u0103 imunitar este sl\u0103bit \u015fi este posibil s\u0103 ave\u0163i o serie de infec\u0163ii oportuniste. Este important s\u0103 trata\u0163i aceste infec\u0163ii eficient \u015fi din timp. \u0162ine\u0163i minte c\u0103 aflarea diagnosticului pozitiv HIV nu este o condamnare la moarte.<\/p>\n<p style=\"text-align: justify;\"><strong>Este adev\u0103rat c\u0103 prezervativul nu este cu adev\u0103rat sigur? <\/strong><\/p>\n<p style=\"text-align: justify;\">Dac\u0103 sunt folosite corect, prezervativele ofer\u0103 98% protec\u0163ie \u00eempotriva HIV \u015fi a sarcinii. Virusul nu poate trece prin prezervativ. Asigura\u0163i-v\u0103 c\u0103 prezervativul nu este expirat \u015fi \u0163ine\u0163i-l \u00eentr-un loc r\u0103coros. Nu utiliza\u0163i lubrifian\u0163i pe baz\u0103 de vaselin\u0103 sau ulei, deoarece acestea fac ca prezervativul s\u0103 se rup\u0103 \u00een timpul utiliz\u0103rii. Este recomandat doar lubrifiantul pe baz\u0103 de ap\u0103. Nu folosi\u0163i niciodat\u0103 mai multe prezervative odat\u0103, deoarece frecarea le face s\u0103 se rup\u0103!<\/p>\n<p style=\"text-align: justify;\"><strong>Exist\u0103 o cale de vindecare pentru HIV? <\/strong><\/p>\n<p style=\"text-align: justify;\">Nu exist\u0103 vindecare, dar exist\u0103 \u00een schimb din ce \u00een ce mai multe tipuri de tratament disponibile, tratamente care \u00eencetinesc \u015fi reduc impactul HIV. Aceste medicamente se numesc medicamente anti-retrovirale sau ARV. Tratamentul ARV este disponibil \u015fi \u00een Rom\u00e2nia, iar oamenii trebuie s\u0103 \u015ftie c\u0103 a fi seropozitiv HIV nu \u00eenseamn\u0103 c\u0103 e\u015fti condamnat la moarte. Numeroase companii farmaceutice \u00eencearc\u0103 s\u0103 conving\u0103 guvernele lumii s\u0103 fac\u0103 tratamentul ARV disponibil \u015fi gratuit pentru toat\u0103 lumea. Cere\u0163i mai multe informa\u0163ii la clinica la care sunte\u0163i aronda\u0163i.<\/p>\n","protected":false},"excerpt":{"rendered":"<p>Acest text informativ urm\u0103re\u015fte s\u0103 l\u0103mureasc\u0103 cele mai comune temeri \u015fi nel\u0103muriri despre HIV\/SIDA. Pot s\u0103 transmit\u0103 \u0163\u00e2n\u0163arii HIV de la o persoan\u0103 la alta? Nu. HIV nu poate supravie\u0163ui \u00een afara organismului uman. T\u00e2n\u0163arii nu injecteaz\u0103 s\u00e2nge ci ei sug s\u00e2nge. Se poate transmite HIV prin intermediul lamelor de b\u0103rbierit \u015fi al altor ustensile [&hellip;]<\/p>\n","protected":false},"author":1,"featured_media":0,"parent":1631,"menu_order":0,"comment_status":"open","ping_status":"open","template":"","meta":{"_monsterinsights_skip_tracking":false,"_monsterinsights_sitenote_active":false,"_monsterinsights_sitenote_note":"","_monsterinsights_sitenote_category":0,"footnotes":""},"class_list":["post-1639","page","type-page","status-publish","hentry"],"aioseo_notices":[],"jetpack_sharing_enabled":true,"_links":{"self":[{"href":"https:\/\/unopa.ro\/en\/wp-json\/wp\/v2\/pages\/1639","targetHints":{"allow":["GET"]}}],"collection":[{"href":"https:\/\/unopa.ro\/en\/wp-json\/wp\/v2\/pages"}],"about":[{"href":"https:\/\/unopa.ro\/en\/wp-json\/wp\/v2\/types\/page"}],"author":[{"embeddable":true,"href":"https:\/\/unopa.ro\/en\/wp-json\/wp\/v2\/users\/1"}],"replies":[{"embeddable":true,"href":"https:\/\/unopa.ro\/en\/wp-json\/wp\/v2\/comments?post=1639"}],"version-history":[{"count":1,"href":"https:\/\/unopa.ro\/en\/wp-json\/wp\/v2\/pages\/1639\/revisions"}],"predecessor-version":[{"id":3157,"href":"https:\/\/unopa.ro\/en\/wp-json\/wp\/v2\/pages\/1639\/revisions\/3157"}],"up":[{"embeddable":true,"href":"https:\/\/unopa.ro\/en\/wp-json\/wp\/v2\/pages\/1631"}],"wp:attachment":[{"href":"https:\/\/unopa.ro\/en\/wp-json\/wp\/v2\/media?parent=1639"}],"curies":[{"name":"wp","href":"https:\/\/api.w.org\/{rel}","templated":true}]}}